{"id":689,"date":"2022-09-05T11:57:07","date_gmt":"2022-09-05T11:57:07","guid":{"rendered":"https:\/\/apartman-eva.com\/?page_id=689"},"modified":"2022-09-05T12:27:16","modified_gmt":"2022-09-05T12:27:16","slug":"o-nama","status":"publish","type":"page","link":"https:\/\/apartman-eva.com\/de\/o-nama\/","title":{"rendered":"\u00dcber uns"},"content":{"rendered":"<div data-elementor-type=\"wp-page\" data-elementor-id=\"689\" class=\"elementor elementor-689\">\n\t\t\t\t\t\t<section class=\"elementor-section elementor-top-section elementor-element elementor-element-wtm7vsw elementor-section-content-middle elementor-section-boxed elementor-section-height-default elementor-section-height-default\" data-id=\"wtm7vsw\" data-element_type=\"section\" data-settings=\"{&quot;background_background&quot;:&quot;classic&quot;}\">\n\t\t\t\t\t\t<div class=\"elementor-container elementor-column-gap-no\">\n\t\t\t\t\t<div class=\"elementor-column elementor-col-50 elementor-top-column elementor-element elementor-element-4d7ad86\" data-id=\"4d7ad86\" data-element_type=\"column\">\n\t\t\t<div class=\"elementor-widget-wrap elementor-element-populated\">\n\t\t\t\t\t\t<div class=\"elementor-element elementor-element-91de7cd elementor-widget elementor-widget-heading\" data-id=\"91de7cd\" data-element_type=\"widget\" data-widget_type=\"heading.default\">\n\t\t\t\t<div class=\"elementor-widget-container\">\n\t\t\t\t\t<h2 class=\"elementor-heading-title elementor-size-default\">\u00dcber uns<\/h2>\t\t\t\t<\/div>\n\t\t\t\t<\/div>\n\t\t\t\t<div class=\"elementor-element elementor-element-2eaeffd elementor-widget elementor-widget-heading\" data-id=\"2eaeffd\" data-element_type=\"widget\" data-widget_type=\"heading.default\">\n\t\t\t\t<div class=\"elementor-widget-container\">\n\t\t\t\t\t<h4 class=\"elementor-heading-title elementor-size-default\">Das Apartment Eva befindet sich im Zentrum der Stadt Krapina, direkt neben der Promenade, und die G\u00e4ste k\u00f6nnen die Stadt und ihre Sehensw\u00fcrdigkeiten zu Fu\u00df erkunden. Sp\u00fcren Sie den Charme einer Kleinstadt bei einem Kaffee in einem der \u00f6rtlichen Caf\u00e9s. Mehrere gro\u00dfartige Restaurants sind in der Stadt oder nur eine kurze Autofahrt entfernt, ebenso wie Thermen und Spas.\n<br>\n<\/h4>\t\t\t\t<\/div>\n\t\t\t\t<\/div>\n\t\t\t\t<div class=\"elementor-element elementor-element-0e457ca elementor-widget elementor-widget-text-editor\" data-id=\"0e457ca\" data-element_type=\"widget\" data-widget_type=\"text-editor.default\">\n\t\t\t\t<div class=\"elementor-widget-container\">\n\t\t\t\t\t\t\t\t\t<p>Die Wohnung ist komplett neu, modern und luxuri\u00f6s eingerichtet und ausgestattet, sie befindet sich im Geb\u00e4ude. Es verf\u00fcgt \u00fcber zwei Schlafzimmer, ein Arbeitszimmer, eine offene K\u00fcche, ein Esszimmer und ein Wohnzimmer mit Balkon sowie ein Badezimmer und eine separate Toilette. Die K\u00fcche ist komplett mit allen Ger\u00e4ten und Geschirr ausgestattet (K\u00fchlschrank, Gefrierschrank, Backofen, Herd, Geschirrsp\u00fcler, Mikrowelle, Weink\u00fchler, Kaffeemaschine). Im Arbeitszimmer sowie im Wohnzimmer besteht die M\u00f6glichkeit einer Aufbettung. Der Raum verf\u00fcgt \u00fcber Heizung und K\u00fchlung sowie WLAN und TV. Privater Garagenplatz im Untergeschoss des Geb\u00e4udes, Abstellraum f\u00fcr Fahrr\u00e4der, direkter Zugang zum Aufzug. Self-Check-in, pers\u00f6nlicher Empfang ist ebenfalls m\u00f6glich.<\/p>\t\t\t\t\t\t\t\t<\/div>\n\t\t\t\t<\/div>\n\t\t\t\t\t<\/div>\n\t\t<\/div>\n\t\t\t\t<div class=\"elementor-column elementor-col-50 elementor-top-column elementor-element elementor-element-03a6bc5\" data-id=\"03a6bc5\" data-element_type=\"column\">\n\t\t\t<div class=\"elementor-widget-wrap elementor-element-populated\">\n\t\t\t\t\t\t<div class=\"elementor-element elementor-element-02ae585 elementor-invisible elementor-widget elementor-widget-image\" data-id=\"02ae585\" data-element_type=\"widget\" data-settings=\"{&quot;_animation&quot;:&quot;zoomIn&quot;}\" data-widget_type=\"image.default\">\n\t\t\t\t<div class=\"elementor-widget-container\">\n\t\t\t\t\t\t\t\t\t\t\t\t\t\t\t<img fetchpriority=\"high\" decoding=\"async\" width=\"701\" height=\"768\" src=\"https:\/\/apartman-eva.com\/wp-content\/uploads\/2022\/09\/o-nama-apartman-eva-krapina.jpg\" class=\"attachment-full size-full wp-image-724\" alt=\"\" srcset=\"https:\/\/apartman-eva.com\/wp-content\/uploads\/2022\/09\/o-nama-apartman-eva-krapina.jpg 701w, https:\/\/apartman-eva.com\/wp-content\/uploads\/2022\/09\/o-nama-apartman-eva-krapina-274x300.jpg 274w\" sizes=\"(max-width: 701px) 100vw, 701px\" \/>\t\t\t\t\t\t\t\t\t\t\t\t\t\t\t<\/div>\n\t\t\t\t<\/div>\n\t\t\t\t\t<\/div>\n\t\t<\/div>\n\t\t\t\t\t<\/div>\n\t\t<\/section>\n\t\t\t\t<section class=\"elementor-section elementor-top-section elementor-element elementor-element-134c60b elementor-section-boxed elementor-section-height-default elementor-section-height-default\" data-id=\"134c60b\" data-element_type=\"section\">\n\t\t\t\t\t\t<div class=\"elementor-container elementor-column-gap-default\">\n\t\t\t\t\t<div class=\"elementor-column elementor-col-100 elementor-top-column elementor-element elementor-element-c8925e1\" data-id=\"c8925e1\" data-element_type=\"column\">\n\t\t\t<div class=\"elementor-widget-wrap elementor-element-populated\">\n\t\t\t\t\t\t<div class=\"elementor-element elementor-element-586e599 elementor-widget elementor-widget-eael-adv-tabs\" data-id=\"586e599\" data-element_type=\"widget\" data-widget_type=\"eael-adv-tabs.default\">\n\t\t\t\t<div class=\"elementor-widget-container\">\n\t\t\t\t\t        <div data-scroll-on-click=\"no\" data-scroll-speed=\"300\" id=\"eael-advance-tabs-586e599\" class=\"eael-advance-tabs eael-tabs-horizontal\" data-tabid=\"586e599\">\n            <div class=\"eael-tabs-nav\">\n                <ul class=\"eael-tab-top-icon\" role=\"tablist\">\n                                            <li id=\"detaljnije-o-opremi-apartmana\" class=\"inactive eael-tab-item-trigger eael-tab-nav-item\" aria-selected=\"true\" data-tab=\"1\" role=\"tab\" tabindex=\"0\" aria-controls=\"detaljnije-o-opremi-apartmana-tab\" aria-expanded=\"false\">\n                            \n                                                                <i class=\"fas fa-home\"><\/i>                                                            \n                            \n                                                            <span class=\"eael-tab-title title-after-icon\" >Weitere Details zur Ausstattung<\/span>                                                    <\/li>\n                                    <\/ul>\n            <\/div>\n            \n            <div class=\"eael-tabs-content\">\n\t\t        \n                    <div id=\"detaljnije-o-opremi-apartmana-tab\" class=\"clearfix eael-tab-content-item inactive\" data-title-link=\"detaljnije-o-opremi-apartmana-tab\">\n\t\t\t\t        <p>Der gesamte Raum wurde 2022 mit den hochwertigsten Materialien und Ger\u00e4ten eingerichtet (Eichenparkett der Spitzenklasse, gro\u00dfformatige Fliesen, laminierte und geh\u00e4rtete Glasschiebet\u00fcren, Schlafzimmert\u00fcren aus Holz mit versteckten Scharnieren und Magnetschl\u00f6ssern, Fu\u00dfbodenheizung im Badezimmer). , Waschmaschine\/Trockner, begehbare Dusche, Samsung TV Frame, Samsung Soundbar Q-Serie, (Wohnzimmer und ein Schlafzimmer), LG Art Cool Air Conditioner, Phillips Kaffeemaschine mit 12 Getr\u00e4nkesorten, per Fernbedienung dimmbare Umgebungsbeleuchtung, wi fi-TV, integrierte USB-Ladeger\u00e4te, Designer-Individualm\u00f6bel und ma\u00dfgefertigte M\u00f6bel, Terrassenm\u00f6bel 3+1+1, Tresor, Verdunkelungsvorhangdekor, Rollos an Au\u00dfen\u00f6ffnungen, Self-Check-in - Master Lock Key Safe).<\/p>                    <\/div>\n\t\t                    <\/div>\n        <\/div>\n\t\t\t\t<\/div>\n\t\t\t\t<\/div>\n\t\t\t\t\t<\/div>\n\t\t<\/div>\n\t\t\t\t\t<\/div>\n\t\t<\/section>\n\t\t\t\t<\/div>","protected":false},"excerpt":{"rendered":"<p>O nama Apartman Eva smje\u0161ten je u centru grada Krapine, uz samu \u0161etnicu te gosti mogu pje\u0161ke razgledati grad i njegove znamenitosti. Uz kavu u nekom od lokalnih kafi\u0107a osjetite \u010dari malog grada. Nekoliko odli\u010dnih restorana nalazi se u gradu ili na udaljenosti kra\u0107e vo\u017enje automobilom, ba\u0161 kao i toplice i spa centri. Apartman je [&hellip;]<\/p>","protected":false},"author":1,"featured_media":0,"parent":0,"menu_order":0,"comment_status":"closed","ping_status":"closed","template":"","meta":{"footnotes":""},"class_list":["post-689","page","type-page","status-publish","hentry"],"blocksy_meta":{"styles_descriptor":{"styles":{"desktop":"","tablet":"","mobile":""},"google_fonts":[],"version":6}},"yoast_head":"<!-- This site is optimized with the Yoast SEO plugin v24.7 - https:\/\/yoast.com\/wordpress\/plugins\/seo\/ -->\n<title>O nama - Apartman Eva<\/title>\n<meta name=\"robots\" content=\"index, follow, max-snippet:-1, max-image-preview:large, max-video-preview:-1\" \/>\n<link rel=\"canonical\" href=\"https:\/\/apartman-eva.com\/de\/o-nama\/\" \/>\n<meta property=\"og:locale\" content=\"de_DE\" \/>\n<meta property=\"og:type\" content=\"article\" \/>\n<meta property=\"og:title\" content=\"O nama - Apartman Eva\" \/>\n<meta property=\"og:description\" content=\"O nama Apartman Eva smje\u0161ten je u centru grada Krapine, uz samu \u0161etnicu te gosti mogu pje\u0161ke razgledati grad i njegove znamenitosti. Uz kavu u nekom od lokalnih kafi\u0107a osjetite \u010dari malog grada. Nekoliko odli\u010dnih restorana nalazi se u gradu ili na udaljenosti kra\u0107e vo\u017enje automobilom, ba\u0161 kao i toplice i spa centri. Apartman je [&hellip;]\" \/>\n<meta property=\"og:url\" content=\"https:\/\/apartman-eva.com\/de\/o-nama\/\" \/>\n<meta property=\"og:site_name\" content=\"Apartman Eva\" \/>\n<meta property=\"article:modified_time\" content=\"2022-09-05T12:27:16+00:00\" \/>\n<meta property=\"og:image\" content=\"https:\/\/apartman-eva.com\/wp-content\/uploads\/2022\/09\/o-nama-apartman-eva-krapina.jpg\" \/>\n<meta name=\"twitter:card\" content=\"summary_large_image\" \/>\n<meta name=\"twitter:label1\" content=\"Gesch\u00e4tzte Lesezeit\" \/>\n\t<meta name=\"twitter:data1\" content=\"1\u00a0Minute\" \/>\n<script type=\"application\/ld+json\" class=\"yoast-schema-graph\">{\"@context\":\"https:\/\/schema.org\",\"@graph\":[{\"@type\":\"WebPage\",\"@id\":\"https:\/\/apartman-eva.com\/o-nama\/\",\"url\":\"https:\/\/apartman-eva.com\/o-nama\/\",\"name\":\"O nama - Apartman Eva\",\"isPartOf\":{\"@id\":\"https:\/\/apartman-eva.com\/#website\"},\"primaryImageOfPage\":{\"@id\":\"https:\/\/apartman-eva.com\/o-nama\/#primaryimage\"},\"image\":{\"@id\":\"https:\/\/apartman-eva.com\/o-nama\/#primaryimage\"},\"thumbnailUrl\":\"https:\/\/apartman-eva.com\/wp-content\/uploads\/2022\/09\/o-nama-apartman-eva-krapina.jpg\",\"datePublished\":\"2022-09-05T11:57:07+00:00\",\"dateModified\":\"2022-09-05T12:27:16+00:00\",\"breadcrumb\":{\"@id\":\"https:\/\/apartman-eva.com\/o-nama\/#breadcrumb\"},\"inLanguage\":\"de\",\"potentialAction\":[{\"@type\":\"ReadAction\",\"target\":[\"https:\/\/apartman-eva.com\/o-nama\/\"]}]},{\"@type\":\"ImageObject\",\"inLanguage\":\"de\",\"@id\":\"https:\/\/apartman-eva.com\/o-nama\/#primaryimage\",\"url\":\"https:\/\/apartman-eva.com\/wp-content\/uploads\/2022\/09\/o-nama-apartman-eva-krapina.jpg\",\"contentUrl\":\"https:\/\/apartman-eva.com\/wp-content\/uploads\/2022\/09\/o-nama-apartman-eva-krapina.jpg\"},{\"@type\":\"BreadcrumbList\",\"@id\":\"https:\/\/apartman-eva.com\/o-nama\/#breadcrumb\",\"itemListElement\":[{\"@type\":\"ListItem\",\"position\":1,\"name\":\"Po\u010detna stranica\",\"item\":\"https:\/\/apartman-eva.com\/\"},{\"@type\":\"ListItem\",\"position\":2,\"name\":\"O nama\"}]},{\"@type\":\"WebSite\",\"@id\":\"https:\/\/apartman-eva.com\/#website\",\"url\":\"https:\/\/apartman-eva.com\/\",\"name\":\"Apartman Eva\",\"description\":\"Krapina\",\"publisher\":{\"@id\":\"https:\/\/apartman-eva.com\/#organization\"},\"potentialAction\":[{\"@type\":\"SearchAction\",\"target\":{\"@type\":\"EntryPoint\",\"urlTemplate\":\"https:\/\/apartman-eva.com\/?s={search_term_string}\"},\"query-input\":{\"@type\":\"PropertyValueSpecification\",\"valueRequired\":true,\"valueName\":\"search_term_string\"}}],\"inLanguage\":\"de\"},{\"@type\":\"Organization\",\"@id\":\"https:\/\/apartman-eva.com\/#organization\",\"name\":\"Apartman Eva\",\"url\":\"https:\/\/apartman-eva.com\/\",\"logo\":{\"@type\":\"ImageObject\",\"inLanguage\":\"de\",\"@id\":\"https:\/\/apartman-eva.com\/#\/schema\/logo\/image\/\",\"url\":\"https:\/\/apartman-eva.com\/wp-content\/uploads\/2022\/08\/logo-gold.png\",\"contentUrl\":\"https:\/\/apartman-eva.com\/wp-content\/uploads\/2022\/08\/logo-gold.png\",\"width\":145,\"height\":145,\"caption\":\"Apartman Eva\"},\"image\":{\"@id\":\"https:\/\/apartman-eva.com\/#\/schema\/logo\/image\/\"}}]}<\/script>\n<!-- \/ Yoast SEO plugin. -->","yoast_head_json":{"title":"O nama - Apartman Eva","robots":{"index":"index","follow":"follow","max-snippet":"max-snippet:-1","max-image-preview":"max-image-preview:large","max-video-preview":"max-video-preview:-1"},"canonical":"https:\/\/apartman-eva.com\/de\/o-nama\/","og_locale":"de_DE","og_type":"article","og_title":"O nama - Apartman Eva","og_description":"O nama Apartman Eva smje\u0161ten je u centru grada Krapine, uz samu \u0161etnicu te gosti mogu pje\u0161ke razgledati grad i njegove znamenitosti. Uz kavu u nekom od lokalnih kafi\u0107a osjetite \u010dari malog grada. Nekoliko odli\u010dnih restorana nalazi se u gradu ili na udaljenosti kra\u0107e vo\u017enje automobilom, ba\u0161 kao i toplice i spa centri. Apartman je [&hellip;]","og_url":"https:\/\/apartman-eva.com\/de\/o-nama\/","og_site_name":"Apartman Eva","article_modified_time":"2022-09-05T12:27:16+00:00","og_image":[{"url":"https:\/\/apartman-eva.com\/wp-content\/uploads\/2022\/09\/o-nama-apartman-eva-krapina.jpg","type":"","width":"","height":""}],"twitter_card":"summary_large_image","twitter_misc":{"Gesch\u00e4tzte Lesezeit":"1\u00a0Minute"},"schema":{"@context":"https:\/\/schema.org","@graph":[{"@type":"WebPage","@id":"https:\/\/apartman-eva.com\/o-nama\/","url":"https:\/\/apartman-eva.com\/o-nama\/","name":"O nama - Apartman Eva","isPartOf":{"@id":"https:\/\/apartman-eva.com\/#website"},"primaryImageOfPage":{"@id":"https:\/\/apartman-eva.com\/o-nama\/#primaryimage"},"image":{"@id":"https:\/\/apartman-eva.com\/o-nama\/#primaryimage"},"thumbnailUrl":"https:\/\/apartman-eva.com\/wp-content\/uploads\/2022\/09\/o-nama-apartman-eva-krapina.jpg","datePublished":"2022-09-05T11:57:07+00:00","dateModified":"2022-09-05T12:27:16+00:00","breadcrumb":{"@id":"https:\/\/apartman-eva.com\/o-nama\/#breadcrumb"},"inLanguage":"de","potentialAction":[{"@type":"ReadAction","target":["https:\/\/apartman-eva.com\/o-nama\/"]}]},{"@type":"ImageObject","inLanguage":"de","@id":"https:\/\/apartman-eva.com\/o-nama\/#primaryimage","url":"https:\/\/apartman-eva.com\/wp-content\/uploads\/2022\/09\/o-nama-apartman-eva-krapina.jpg","contentUrl":"https:\/\/apartman-eva.com\/wp-content\/uploads\/2022\/09\/o-nama-apartman-eva-krapina.jpg"},{"@type":"BreadcrumbList","@id":"https:\/\/apartman-eva.com\/o-nama\/#breadcrumb","itemListElement":[{"@type":"ListItem","position":1,"name":"Po\u010detna stranica","item":"https:\/\/apartman-eva.com\/"},{"@type":"ListItem","position":2,"name":"O nama"}]},{"@type":"WebSite","@id":"https:\/\/apartman-eva.com\/#website","url":"https:\/\/apartman-eva.com\/","name":"Apartman Eva","description":"Krapina","publisher":{"@id":"https:\/\/apartman-eva.com\/#organization"},"potentialAction":[{"@type":"SearchAction","target":{"@type":"EntryPoint","urlTemplate":"https:\/\/apartman-eva.com\/?s={search_term_string}"},"query-input":{"@type":"PropertyValueSpecification","valueRequired":true,"valueName":"search_term_string"}}],"inLanguage":"de"},{"@type":"Organization","@id":"https:\/\/apartman-eva.com\/#organization","name":"Apartman Eva","url":"https:\/\/apartman-eva.com\/","logo":{"@type":"ImageObject","inLanguage":"de","@id":"https:\/\/apartman-eva.com\/#\/schema\/logo\/image\/","url":"https:\/\/apartman-eva.com\/wp-content\/uploads\/2022\/08\/logo-gold.png","contentUrl":"https:\/\/apartman-eva.com\/wp-content\/uploads\/2022\/08\/logo-gold.png","width":145,"height":145,"caption":"Apartman Eva"},"image":{"@id":"https:\/\/apartman-eva.com\/#\/schema\/logo\/image\/"}}]}},"_links":{"self":[{"href":"https:\/\/apartman-eva.com\/de\/wp-json\/wp\/v2\/pages\/689","targetHints":{"allow":["GET"]}}],"collection":[{"href":"https:\/\/apartman-eva.com\/de\/wp-json\/wp\/v2\/pages"}],"about":[{"href":"https:\/\/apartman-eva.com\/de\/wp-json\/wp\/v2\/types\/page"}],"author":[{"embeddable":true,"href":"https:\/\/apartman-eva.com\/de\/wp-json\/wp\/v2\/users\/1"}],"replies":[{"embeddable":true,"href":"https:\/\/apartman-eva.com\/de\/wp-json\/wp\/v2\/comments?post=689"}],"version-history":[{"count":40,"href":"https:\/\/apartman-eva.com\/de\/wp-json\/wp\/v2\/pages\/689\/revisions"}],"predecessor-version":[{"id":733,"href":"https:\/\/apartman-eva.com\/de\/wp-json\/wp\/v2\/pages\/689\/revisions\/733"}],"wp:attachment":[{"href":"https:\/\/apartman-eva.com\/de\/wp-json\/wp\/v2\/media?parent=689"}],"curies":[{"name":"wp","href":"https:\/\/api.w.org\/{rel}","templated":true}]}}